{"id":724,"date":"2022-01-25T16:16:11","date_gmt":"2022-01-25T16:16:11","guid":{"rendered":"http:\/\/stegner-busreisen.at\/?page_id=724"},"modified":"2026-02-12T15:19:33","modified_gmt":"2026-02-12T14:19:33","slug":"privacy-policy","status":"publish","type":"page","link":"https:\/\/stegner-busreisen.at\/index.php\/privacy-policy\/","title":{"rendered":"Impressum"},"content":{"rendered":"<h3><strong>Informationspflicht lt. \u00a7 5, Abs. 1 E-Commerce-Gesetz:<\/strong><\/h3>\n<p>Stegner Busreisen<br \/>\nGro\u00dfsch\u00f6rgern 37<br \/>\n4770 Andorf<br \/>\nAustria<\/p>\n<p>+43 7766 2932<br \/>\n<a href=\"https:\/\/stegner-busreisen.at\/\">www.stegner-busreisen.at<\/a><br \/>\n<span id=\"cloakc6f3ec3a8cc1a1cd0fc53ae81b7022b7\"><a href=\"mailto:office@stegner-busreisen.at\">office@stegner-busreisen.at<\/a><\/span><br \/>\nUmsatzsteuer-Identifikationsnummer: ATU41734708<\/p>\n<p>&nbsp;<\/p>\n<h3><strong>Inhaber\/Gesch\u00e4ftsf\u00fchrung<\/strong><\/h3>\n<p>Monika Stegner<\/p>\n<p><strong>Haftungshinweis<\/strong>: Trotz sorgf\u00e4ltiger inhaltlicher Kontrolle, \u00fcbernehmen wir keine Haftung f\u00fcr die Inhalte externer Links. F\u00fcr den Inhalt der verlinkten Seiten sind ausschlie\u00dflich deren Betreiber verantwortlich.<\/p>\n<p>&nbsp;<\/p>\n<h3><strong>\u00a9 Stegner Busreisen 2022<\/strong><\/h3>\n<p>Alle Rechte vorbehalten, insbesondere das Recht auf Vervielf\u00e4ltigung und Verbreitung sowie \u00dcbersetzung. Kein Teil dieser Homepage darf in irgendeiner Form ohne schriftliche Genehmigung von Stegner Busreisen reproduziert werden oder unter Verwendung elektronischer Systeme verarbeitet, vervielf\u00e4ltigt oder verbreitet werden.<\/p>\n<p>&nbsp;<\/p>\n","protected":false},"excerpt":{"rendered":"<p>Informationspflicht lt. \u00a7 5, Abs. 1 E-Commerce-Gesetz: Stegner Busreisen Gro\u00dfsch\u00f6rgern 37 4770 Andorf Austria +43 7766 2932 www.stegner-busreisen.at office@stegner-busreisen.at Umsatzsteuer-Identifikationsnummer: ATU41734708 &nbsp; Inhaber\/Gesch\u00e4ftsf\u00fchrung Monika Stegner Haftungshinweis: Trotz sorgf\u00e4ltiger inhaltlicher Kontrolle, \u00fcbernehmen wir keine Haftung f\u00fcr die Inhalte externer Links. F\u00fcr den Inhalt der verlinkten Seiten sind ausschlie\u00dflich deren Betreiber verantwortlich. &nbsp; \u00a9 Stegner Busreisen 2022<a class=\"post-read-more\" href=\"https:\/\/stegner-busreisen.at\/index.php\/privacy-policy\/\">Read more<\/a><\/p>\n","protected":false},"author":2,"featured_media":0,"parent":0,"menu_order":0,"comment_status":"closed","ping_status":"closed","template":"","meta":{"_monsterinsights_skip_tracking":false,"_monsterinsights_sitenote_active":false,"_monsterinsights_sitenote_note":"","_monsterinsights_sitenote_category":0,"footnotes":""},"class_list":["post-724","page","type-page","status-publish","hentry"],"aioseo_notices":[],"yoast_head":"<!-- This site is optimized with the Yoast SEO plugin v24.0 - https:\/\/yoast.com\/wordpress\/plugins\/seo\/ -->\n<title>Impressum - Stegner Busreisen ****<\/title>\n<meta name=\"robots\" content=\"index, follow, max-snippet:-1, max-image-preview:large, max-video-preview:-1\" \/>\n<link rel=\"canonical\" href=\"https:\/\/stegner-busreisen.at\/index.php\/privacy-policy\/\" \/>\n<meta property=\"og:locale\" content=\"de_DE\" \/>\n<meta property=\"og:type\" content=\"article\" \/>\n<meta property=\"og:title\" content=\"Impressum - Stegner Busreisen ****\" \/>\n<meta property=\"og:description\" content=\"Informationspflicht lt. \u00a7 5, Abs. 1 E-Commerce-Gesetz: Stegner Busreisen Gro\u00dfsch\u00f6rgern 37 4770 Andorf Austria +43 7766 2932 www.stegner-busreisen.at office@stegner-busreisen.at Umsatzsteuer-Identifikationsnummer: ATU41734708 &nbsp; Inhaber\/Gesch\u00e4ftsf\u00fchrung Monika Stegner Haftungshinweis: Trotz sorgf\u00e4ltiger inhaltlicher Kontrolle, \u00fcbernehmen wir keine Haftung f\u00fcr die Inhalte externer Links. F\u00fcr den Inhalt der verlinkten Seiten sind ausschlie\u00dflich deren Betreiber verantwortlich. &nbsp; \u00a9 Stegner Busreisen 2022Read more\" \/>\n<meta property=\"og:url\" content=\"https:\/\/stegner-busreisen.at\/index.php\/privacy-policy\/\" \/>\n<meta property=\"og:site_name\" content=\"Stegner Busreisen ****\" \/>\n<meta property=\"article:modified_time\" content=\"2026-02-12T14:19:33+00:00\" \/>\n<meta name=\"twitter:card\" content=\"summary_large_image\" \/>\n<meta name=\"twitter:label1\" content=\"Gesch\u00e4tzte Lesezeit\" \/>\n\t<meta name=\"twitter:data1\" content=\"1 Minute\" \/>\n<script type=\"application\/ld+json\" class=\"yoast-schema-graph\">{\"@context\":\"https:\/\/schema.org\",\"@graph\":[{\"@type\":\"WebPage\",\"@id\":\"https:\/\/stegner-busreisen.at\/index.php\/privacy-policy\/\",\"url\":\"https:\/\/stegner-busreisen.at\/index.php\/privacy-policy\/\",\"name\":\"Impressum - Stegner Busreisen ****\",\"isPartOf\":{\"@id\":\"https:\/\/stegner-busreisen.at\/#website\"},\"datePublished\":\"2022-01-25T16:16:11+00:00\",\"dateModified\":\"2026-02-12T14:19:33+00:00\",\"breadcrumb\":{\"@id\":\"https:\/\/stegner-busreisen.at\/index.php\/privacy-policy\/#breadcrumb\"},\"inLanguage\":\"de\",\"potentialAction\":[{\"@type\":\"ReadAction\",\"target\":[\"https:\/\/stegner-busreisen.at\/index.php\/privacy-policy\/\"]}]},{\"@type\":\"BreadcrumbList\",\"@id\":\"https:\/\/stegner-busreisen.at\/index.php\/privacy-policy\/#breadcrumb\",\"itemListElement\":[{\"@type\":\"ListItem\",\"position\":1,\"name\":\"Home\",\"item\":\"https:\/\/stegner-busreisen.at\/\"},{\"@type\":\"ListItem\",\"position\":2,\"name\":\"Impressum\"}]},{\"@type\":\"WebSite\",\"@id\":\"https:\/\/stegner-busreisen.at\/#website\",\"url\":\"https:\/\/stegner-busreisen.at\/\",\"name\":\"Stegner Busreisen ****\",\"description\":\"Gehen Sie mit uns auf Reisen.\",\"publisher\":{\"@id\":\"https:\/\/stegner-busreisen.at\/#organization\"},\"potentialAction\":[{\"@type\":\"SearchAction\",\"target\":{\"@type\":\"EntryPoint\",\"urlTemplate\":\"https:\/\/stegner-busreisen.at\/?s={search_term_string}\"},\"query-input\":{\"@type\":\"PropertyValueSpecification\",\"valueRequired\":true,\"valueName\":\"search_term_string\"}}],\"inLanguage\":\"de\"},{\"@type\":\"Organization\",\"@id\":\"https:\/\/stegner-busreisen.at\/#organization\",\"name\":\"Stegner Busreisen ****\",\"url\":\"https:\/\/stegner-busreisen.at\/\",\"logo\":{\"@type\":\"ImageObject\",\"inLanguage\":\"de\",\"@id\":\"https:\/\/stegner-busreisen.at\/#\/schema\/logo\/image\/\",\"url\":\"https:\/\/stegner-busreisen.at\/wp-content\/uploads\/2022\/02\/logo-2.png\",\"contentUrl\":\"https:\/\/stegner-busreisen.at\/wp-content\/uploads\/2022\/02\/logo-2.png\",\"width\":189,\"height\":80,\"caption\":\"Stegner Busreisen ****\"},\"image\":{\"@id\":\"https:\/\/stegner-busreisen.at\/#\/schema\/logo\/image\/\"}}]}<\/script>\n<!-- \/ Yoast SEO plugin. -->","yoast_head_json":{"title":"Impressum - Stegner Busreisen ****","robots":{"index":"index","follow":"follow","max-snippet":"max-snippet:-1","max-image-preview":"max-image-preview:large","max-video-preview":"max-video-preview:-1"},"canonical":"https:\/\/stegner-busreisen.at\/index.php\/privacy-policy\/","og_locale":"de_DE","og_type":"article","og_title":"Impressum - Stegner Busreisen ****","og_description":"Informationspflicht lt. \u00a7 5, Abs. 1 E-Commerce-Gesetz: Stegner Busreisen Gro\u00dfsch\u00f6rgern 37 4770 Andorf Austria +43 7766 2932 www.stegner-busreisen.at office@stegner-busreisen.at Umsatzsteuer-Identifikationsnummer: ATU41734708 &nbsp; Inhaber\/Gesch\u00e4ftsf\u00fchrung Monika Stegner Haftungshinweis: Trotz sorgf\u00e4ltiger inhaltlicher Kontrolle, \u00fcbernehmen wir keine Haftung f\u00fcr die Inhalte externer Links. F\u00fcr den Inhalt der verlinkten Seiten sind ausschlie\u00dflich deren Betreiber verantwortlich. &nbsp; \u00a9 Stegner Busreisen 2022Read more","og_url":"https:\/\/stegner-busreisen.at\/index.php\/privacy-policy\/","og_site_name":"Stegner Busreisen ****","article_modified_time":"2026-02-12T14:19:33+00:00","twitter_card":"summary_large_image","twitter_misc":{"Gesch\u00e4tzte Lesezeit":"1 Minute"},"schema":{"@context":"https:\/\/schema.org","@graph":[{"@type":"WebPage","@id":"https:\/\/stegner-busreisen.at\/index.php\/privacy-policy\/","url":"https:\/\/stegner-busreisen.at\/index.php\/privacy-policy\/","name":"Impressum - Stegner Busreisen ****","isPartOf":{"@id":"https:\/\/stegner-busreisen.at\/#website"},"datePublished":"2022-01-25T16:16:11+00:00","dateModified":"2026-02-12T14:19:33+00:00","breadcrumb":{"@id":"https:\/\/stegner-busreisen.at\/index.php\/privacy-policy\/#breadcrumb"},"inLanguage":"de","potentialAction":[{"@type":"ReadAction","target":["https:\/\/stegner-busreisen.at\/index.php\/privacy-policy\/"]}]},{"@type":"BreadcrumbList","@id":"https:\/\/stegner-busreisen.at\/index.php\/privacy-policy\/#breadcrumb","itemListElement":[{"@type":"ListItem","position":1,"name":"Home","item":"https:\/\/stegner-busreisen.at\/"},{"@type":"ListItem","position":2,"name":"Impressum"}]},{"@type":"WebSite","@id":"https:\/\/stegner-busreisen.at\/#website","url":"https:\/\/stegner-busreisen.at\/","name":"Stegner Busreisen ****","description":"Gehen Sie mit uns auf Reisen.","publisher":{"@id":"https:\/\/stegner-busreisen.at\/#organization"},"potentialAction":[{"@type":"SearchAction","target":{"@type":"EntryPoint","urlTemplate":"https:\/\/stegner-busreisen.at\/?s={search_term_string}"},"query-input":{"@type":"PropertyValueSpecification","valueRequired":true,"valueName":"search_term_string"}}],"inLanguage":"de"},{"@type":"Organization","@id":"https:\/\/stegner-busreisen.at\/#organization","name":"Stegner Busreisen ****","url":"https:\/\/stegner-busreisen.at\/","logo":{"@type":"ImageObject","inLanguage":"de","@id":"https:\/\/stegner-busreisen.at\/#\/schema\/logo\/image\/","url":"https:\/\/stegner-busreisen.at\/wp-content\/uploads\/2022\/02\/logo-2.png","contentUrl":"https:\/\/stegner-busreisen.at\/wp-content\/uploads\/2022\/02\/logo-2.png","width":189,"height":80,"caption":"Stegner Busreisen ****"},"image":{"@id":"https:\/\/stegner-busreisen.at\/#\/schema\/logo\/image\/"}}]}},"publishpress_future_action":{"enabled":false,"date":"2026-04-25 09:34:57","action":"change-status","newStatus":"draft","terms":[],"taxonomy":""},"publishpress_future_workflow_manual_trigger":{"enabledWorkflows":[]},"_links":{"self":[{"href":"https:\/\/stegner-busreisen.at\/index.php\/wp-json\/wp\/v2\/pages\/724","targetHints":{"allow":["GET"]}}],"collection":[{"href":"https:\/\/stegner-busreisen.at\/index.php\/wp-json\/wp\/v2\/pages"}],"about":[{"href":"https:\/\/stegner-busreisen.at\/index.php\/wp-json\/wp\/v2\/types\/page"}],"author":[{"embeddable":true,"href":"https:\/\/stegner-busreisen.at\/index.php\/wp-json\/wp\/v2\/users\/2"}],"replies":[{"embeddable":true,"href":"https:\/\/stegner-busreisen.at\/index.php\/wp-json\/wp\/v2\/comments?post=724"}],"version-history":[{"count":10,"href":"https:\/\/stegner-busreisen.at\/index.php\/wp-json\/wp\/v2\/pages\/724\/revisions"}],"predecessor-version":[{"id":3423,"href":"https:\/\/stegner-busreisen.at\/index.php\/wp-json\/wp\/v2\/pages\/724\/revisions\/3423"}],"wp:attachment":[{"href":"https:\/\/stegner-busreisen.at\/index.php\/wp-json\/wp\/v2\/media?parent=724"}],"curies":[{"name":"wp","href":"https:\/\/api.w.org\/{rel}","templated":true}]}}